{"id":46,"date":"2021-02-16T11:44:42","date_gmt":"2021-02-16T11:44:42","guid":{"rendered":"https:\/\/demosites.io\/neve-3\/?page_id=46"},"modified":"2022-12-03T19:05:42","modified_gmt":"2022-12-03T18:05:42","slug":"7b3c2-homepage","status":"publish","type":"page","link":"https:\/\/santorini.e-polyglots.com\/","title":{"rendered":"Homepage neve3 gutenberg"},"content":{"rendered":"\n<div class=\"wp-block-cover alignfull is-repeated\" style=\"min-height:600px;aspect-ratio:unset;\"><span aria-hidden=\"true\" class=\"wp-block-cover__background has-background-dim-60 has-background-dim wp-block-cover__gradient-background has-background-gradient\" style=\"background:linear-gradient(135deg,rgb(10,10,19) 0%,rgb(40,116,252) 100%)\"><\/span><div role=\"img\" class=\"wp-block-cover__image-background wp-image-419 is-repeated\" style=\"background-position:100% 0%;background-image:url(https:\/\/santorini.e-polyglots.com\/wp-content\/uploads\/2021\/10\/title-6.png)\"><\/div><div class=\"wp-block-cover__inner-container is-layout-flow wp-block-cover-is-layout-flow\">\n<div style=\"height:40px\" aria-hidden=\"true\" class=\"wp-block-spacer\"><\/div>\n\n\n\n<div class=\"wp-block-columns are-vertically-aligned-center is-layout-flex wp-container-core-columns-is-layout-9d6595d7 wp-block-columns-is-layout-flex\">\n<div class=\"wp-block-column is-vertically-aligned-center is-layout-flow wp-block-column-is-layout-flow\" style=\"flex-basis:100%\">\n<h1 class=\"has-text-align-left wp-block-heading\" style=\"font-size:56px\">Meet Neve, a lightweight theme for Gutenberg<\/h1>\n\n\n\n<p class=\"has-text-align-left\" style=\"font-size:1.125em\">Create and maintain a stunning website with the efficiency and speed of Neve.<\/p>\n\n\n\n<div class=\"wp-block-buttons is-layout-flex wp-block-buttons-is-layout-flex\">\n<div class=\"wp-block-button is-style-primary\"><a class=\"wp-block-button__link wp-element-button\">Download Now<\/a><\/div>\n<\/div>\n<\/div>\n\n\n\n<div class=\"wp-block-column is-vertically-aligned-center is-layout-flow wp-block-column-is-layout-flow\" style=\"flex-basis:30%\">\n<p><\/p>\n<\/div>\n<\/div>\n\n\n\n<div style=\"height:40px\" aria-hidden=\"true\" class=\"wp-block-spacer\"><\/div>\n<\/div><\/div>\n\n\n\n<div style=\"height:40px\" aria-hidden=\"true\" class=\"wp-block-spacer\"><\/div>\n\n\n\n<div class=\"wp-block-columns is-layout-flex wp-container-core-columns-is-layout-9d6595d7 wp-block-columns-is-layout-flex\">\n<div class=\"wp-block-column is-vertically-aligned-center is-layout-flow wp-block-column-is-layout-flow\"><div class=\"wp-block-image\">\n<figure class=\"aligncenter size-full\"><img decoding=\"async\" src=\"https:\/\/santorini.e-polyglots.com\/wp-content\/uploads\/2021\/10\/neve-demo-image-36.png\" alt=\"\" class=\"wp-image-413\"\/><\/figure>\n<\/div><\/div>\n\n\n\n<div class=\"wp-block-column is-vertically-aligned-center is-layout-flow wp-block-column-is-layout-flow\">\n<h2 class=\"wp-block-heading\">Typography &amp; color systems<\/h2>\n\n\n\n<p>NASA snapped it making waves in the Martian clouds in 2003, and in April of this year, one of the first images the ESA\u2019s Trace Gas Orbiter captured was a gorgeous shot of the crater\u2019s rim.<\/p>\n\n\n\n<div class=\"wp-block-buttons is-layout-flex wp-block-buttons-is-layout-flex\">\n<div class=\"wp-block-button is-style-primary\"><a class=\"wp-block-button__link wp-element-button\">Primary<\/a><\/div>\n\n\n\n<div class=\"wp-block-button is-style-secondary\"><a class=\"wp-block-button__link wp-element-button\">Secondary<\/a><\/div>\n<\/div>\n\n\n\n<p><\/p>\n<\/div>\n<\/div>\n\n\n\n<figure class=\"wp-block-image size-full\"><img decoding=\"async\" src=\"https:\/\/santorini.e-polyglots.com\/wp-content\/uploads\/2021\/10\/neve-demo-image-35.png\" alt=\"\" class=\"wp-image-412\"\/><\/figure>\n\n\n\n<div class=\"wp-block-columns are-vertically-aligned-top is-layout-flex wp-container-core-columns-is-layout-9d6595d7 wp-block-columns-is-layout-flex\">\n<div class=\"wp-block-column is-vertically-aligned-top is-layout-flow wp-block-column-is-layout-flow\">\n<figure class=\"wp-block-image size-full\"><img loading=\"lazy\" decoding=\"async\" width=\"800\" height=\"800\" src=\"https:\/\/santorini.e-polyglots.com\/wp-content\/uploads\/2021\/10\/neve-demo-image-28.png\" alt=\"\" class=\"wp-image-378\"\/><\/figure>\n\n\n\n<h3 class=\"wp-block-heading\">Simple<\/h3>\n\n\n\n<p>Lorem ipsum, or lipsum as it is sometimes known, is dummy text used in laying out print, graphic or web designs. <\/p>\n<\/div>\n\n\n\n<div class=\"wp-block-column is-vertically-aligned-top is-layout-flow wp-block-column-is-layout-flow\">\n<figure class=\"wp-block-image size-full\"><img loading=\"lazy\" decoding=\"async\" width=\"800\" height=\"800\" src=\"https:\/\/santorini.e-polyglots.com\/wp-content\/uploads\/2021\/10\/neve-demo-image-29.png\" alt=\"\" class=\"wp-image-373\"\/><\/figure>\n\n\n\n<h3 class=\"wp-block-heading\">Efficient<\/h3>\n\n\n\n<p>Lorem ipsum, or lipsum as it is sometimes known, is dummy text used in laying out print, graphic or web designs. <\/p>\n<\/div>\n\n\n\n<div class=\"wp-block-column is-vertically-aligned-top is-layout-flow wp-block-column-is-layout-flow\">\n<figure class=\"wp-block-image size-full\"><img loading=\"lazy\" decoding=\"async\" width=\"800\" height=\"800\" src=\"https:\/\/santorini.e-polyglots.com\/wp-content\/uploads\/2021\/10\/neve-demo-image-31.png\" alt=\"\" class=\"wp-image-375\"\/><\/figure>\n\n\n\n<h3 class=\"wp-block-heading\">Design<\/h3>\n\n\n\n<p>Lorem ipsum, or lipsum as it is sometimes known, is dummy text used in laying out print, graphic or web designs.<\/p>\n<\/div>\n<\/div>\n\n\n\n<div style=\"height:40px\" aria-hidden=\"true\" class=\"wp-block-spacer\"><\/div>\n","protected":false},"excerpt":{"rendered":"<p>Typography &amp; color systems NASA snapped it making waves in the Martian clouds in 2003, and in April of this year, one of the first images the ESA\u2019s Trace Gas Orbiter captured was a gorgeous shot of the crater\u2019s rim. Simple Lorem ipsum, or lipsum as it is sometimes known, is dummy text used in&hellip;&nbsp;<a href=\"https:\/\/santorini.e-polyglots.com\/\" class=\"\" rel=\"bookmark\">Czytaj dalej &raquo;<span class=\"screen-reader-text\">Homepage neve3 gutenberg<\/span><\/a><\/p>\n","protected":false},"author":1,"featured_media":0,"parent":0,"menu_order":0,"comment_status":"closed","ping_status":"closed","template":"","meta":{"neve_meta_sidebar":"full-width","neve_meta_container":"contained","neve_meta_enable_content_width":"on","neve_meta_content_width":100,"neve_meta_title_alignment":"","neve_meta_author_avatar":"","neve_post_elements_order":"","neve_meta_disable_header":"","neve_meta_disable_footer":"","neve_meta_disable_title":"on","neve_meta_reading_time":"","_themeisle_gutenberg_block_has_review":false,"_ti_tpc_template_sync":false,"_ti_tpc_template_id":"u28szffu807ev3dsanar","footnotes":""},"class_list":["post-46","page","type-page","status-publish","hentry"],"yoast_head":"<!-- This site is optimized with the Yoast SEO plugin v19.11 - https:\/\/yoast.com\/wordpress\/plugins\/seo\/ -->\n<title>Homepage neve3 gutenberg - Przyk\u0142adowa strona<\/title>\n<meta name=\"description\" content=\"strona testowa na gutenbergu, testuje w porownaniu z elementorem jaka jest pr\u0119dko\u015b\u0107 wczytywania strony internetowej\" \/>\n<meta name=\"robots\" content=\"noindex, follow, max-snippet:-1, max-image-preview:large, max-video-preview:-1\" \/>\n<meta property=\"og:locale\" content=\"pl_PL\" \/>\n<meta property=\"og:type\" content=\"article\" \/>\n<meta property=\"og:title\" content=\"Homepage neve3 gutenberg - Przyk\u0142adowa strona\" \/>\n<meta property=\"og:description\" content=\"strona testowa na gutenbergu, testuje w porownaniu z elementorem jaka jest pr\u0119dko\u015b\u0107 wczytywania strony internetowej\" \/>\n<meta property=\"og:url\" content=\"https:\/\/santorini.e-polyglots.com\/\" \/>\n<meta property=\"og:site_name\" content=\"Przyk\u0142adowa strona\" \/>\n<meta property=\"article:modified_time\" content=\"2022-12-03T18:05:42+00:00\" \/>\n<meta property=\"og:image\" content=\"http:\/\/santorini.e-polyglots.com\/wp-content\/uploads\/2021\/10\/neve-demo-image-36.png\" \/>\n<meta name=\"twitter:card\" content=\"summary_large_image\" \/>\n<meta name=\"twitter:label1\" content=\"Szacowany czas czytania\" \/>\n\t<meta name=\"twitter:data1\" content=\"2 minuty\" \/>\n<script type=\"application\/ld+json\" class=\"yoast-schema-graph\">{\"@context\":\"https:\/\/schema.org\",\"@graph\":[{\"@type\":\"WebPage\",\"@id\":\"https:\/\/santorini.e-polyglots.com\/\",\"url\":\"https:\/\/santorini.e-polyglots.com\/\",\"name\":\"Homepage neve3 gutenberg - Przyk\u0142adowa strona\",\"isPartOf\":{\"@id\":\"https:\/\/santorini.e-polyglots.com\/#website\"},\"datePublished\":\"2021-02-16T11:44:42+00:00\",\"dateModified\":\"2022-12-03T18:05:42+00:00\",\"description\":\"strona testowa na gutenbergu, testuje w porownaniu z elementorem jaka jest pr\u0119dko\u015b\u0107 wczytywania strony internetowej\",\"breadcrumb\":{\"@id\":\"https:\/\/santorini.e-polyglots.com\/#breadcrumb\"},\"inLanguage\":\"pl-PL\",\"potentialAction\":[{\"@type\":\"ReadAction\",\"target\":[\"https:\/\/santorini.e-polyglots.com\/\"]}]},{\"@type\":\"BreadcrumbList\",\"@id\":\"https:\/\/santorini.e-polyglots.com\/#breadcrumb\",\"itemListElement\":[{\"@type\":\"ListItem\",\"position\":1,\"name\":\"Strona g\u0142\u00f3wna\",\"item\":\"https:\/\/santorini.e-polyglots.com\/\"},{\"@type\":\"ListItem\",\"position\":2,\"name\":\"Homepage neve3 gutenberg\"}]},{\"@type\":\"WebSite\",\"@id\":\"https:\/\/santorini.e-polyglots.com\/#website\",\"url\":\"https:\/\/santorini.e-polyglots.com\/\",\"name\":\"Przyk\u0142adowa strona\",\"description\":\"Kolejna witryna oparta na WordPressie\",\"publisher\":{\"@id\":\"https:\/\/santorini.e-polyglots.com\/#organization\"},\"potentialAction\":[{\"@type\":\"SearchAction\",\"target\":{\"@type\":\"EntryPoint\",\"urlTemplate\":\"https:\/\/santorini.e-polyglots.com\/?s={search_term_string}\"},\"query-input\":\"required name=search_term_string\"}],\"inLanguage\":\"pl-PL\"},{\"@type\":\"Organization\",\"@id\":\"https:\/\/santorini.e-polyglots.com\/#organization\",\"name\":\"Przyk\u0142adowa strona\",\"url\":\"https:\/\/santorini.e-polyglots.com\/\",\"logo\":{\"@type\":\"ImageObject\",\"inLanguage\":\"pl-PL\",\"@id\":\"https:\/\/santorini.e-polyglots.com\/#\/schema\/logo\/image\/\",\"url\":\"https:\/\/santorini.e-polyglots.com\/wp-content\/uploads\/2021\/02\/logo-neve.svg\",\"contentUrl\":\"https:\/\/santorini.e-polyglots.com\/wp-content\/uploads\/2021\/02\/logo-neve.svg\",\"caption\":\"Przyk\u0142adowa strona\"},\"image\":{\"@id\":\"https:\/\/santorini.e-polyglots.com\/#\/schema\/logo\/image\/\"}}]}<\/script>\n<!-- \/ Yoast SEO plugin. -->","yoast_head_json":{"title":"Homepage neve3 gutenberg - Przyk\u0142adowa strona","description":"strona testowa na gutenbergu, testuje w porownaniu z elementorem jaka jest pr\u0119dko\u015b\u0107 wczytywania strony internetowej","robots":{"index":"noindex","follow":"follow","max-snippet":"max-snippet:-1","max-image-preview":"max-image-preview:large","max-video-preview":"max-video-preview:-1"},"og_locale":"pl_PL","og_type":"article","og_title":"Homepage neve3 gutenberg - Przyk\u0142adowa strona","og_description":"strona testowa na gutenbergu, testuje w porownaniu z elementorem jaka jest pr\u0119dko\u015b\u0107 wczytywania strony internetowej","og_url":"https:\/\/santorini.e-polyglots.com\/","og_site_name":"Przyk\u0142adowa strona","article_modified_time":"2022-12-03T18:05:42+00:00","og_image":[{"url":"http:\/\/santorini.e-polyglots.com\/wp-content\/uploads\/2021\/10\/neve-demo-image-36.png"}],"twitter_card":"summary_large_image","twitter_misc":{"Szacowany czas czytania":"2 minuty"},"schema":{"@context":"https:\/\/schema.org","@graph":[{"@type":"WebPage","@id":"https:\/\/santorini.e-polyglots.com\/","url":"https:\/\/santorini.e-polyglots.com\/","name":"Homepage neve3 gutenberg - Przyk\u0142adowa strona","isPartOf":{"@id":"https:\/\/santorini.e-polyglots.com\/#website"},"datePublished":"2021-02-16T11:44:42+00:00","dateModified":"2022-12-03T18:05:42+00:00","description":"strona testowa na gutenbergu, testuje w porownaniu z elementorem jaka jest pr\u0119dko\u015b\u0107 wczytywania strony internetowej","breadcrumb":{"@id":"https:\/\/santorini.e-polyglots.com\/#breadcrumb"},"inLanguage":"pl-PL","potentialAction":[{"@type":"ReadAction","target":["https:\/\/santorini.e-polyglots.com\/"]}]},{"@type":"BreadcrumbList","@id":"https:\/\/santorini.e-polyglots.com\/#breadcrumb","itemListElement":[{"@type":"ListItem","position":1,"name":"Strona g\u0142\u00f3wna","item":"https:\/\/santorini.e-polyglots.com\/"},{"@type":"ListItem","position":2,"name":"Homepage neve3 gutenberg"}]},{"@type":"WebSite","@id":"https:\/\/santorini.e-polyglots.com\/#website","url":"https:\/\/santorini.e-polyglots.com\/","name":"Przyk\u0142adowa strona","description":"Kolejna witryna oparta na WordPressie","publisher":{"@id":"https:\/\/santorini.e-polyglots.com\/#organization"},"potentialAction":[{"@type":"SearchAction","target":{"@type":"EntryPoint","urlTemplate":"https:\/\/santorini.e-polyglots.com\/?s={search_term_string}"},"query-input":"required name=search_term_string"}],"inLanguage":"pl-PL"},{"@type":"Organization","@id":"https:\/\/santorini.e-polyglots.com\/#organization","name":"Przyk\u0142adowa strona","url":"https:\/\/santorini.e-polyglots.com\/","logo":{"@type":"ImageObject","inLanguage":"pl-PL","@id":"https:\/\/santorini.e-polyglots.com\/#\/schema\/logo\/image\/","url":"https:\/\/santorini.e-polyglots.com\/wp-content\/uploads\/2021\/02\/logo-neve.svg","contentUrl":"https:\/\/santorini.e-polyglots.com\/wp-content\/uploads\/2021\/02\/logo-neve.svg","caption":"Przyk\u0142adowa strona"},"image":{"@id":"https:\/\/santorini.e-polyglots.com\/#\/schema\/logo\/image\/"}}]}},"_links":{"self":[{"href":"https:\/\/santorini.e-polyglots.com\/index.php\/wp-json\/wp\/v2\/pages\/46","targetHints":{"allow":["GET"]}}],"collection":[{"href":"https:\/\/santorini.e-polyglots.com\/index.php\/wp-json\/wp\/v2\/pages"}],"about":[{"href":"https:\/\/santorini.e-polyglots.com\/index.php\/wp-json\/wp\/v2\/types\/page"}],"author":[{"embeddable":true,"href":"https:\/\/santorini.e-polyglots.com\/index.php\/wp-json\/wp\/v2\/users\/1"}],"replies":[{"embeddable":true,"href":"https:\/\/santorini.e-polyglots.com\/index.php\/wp-json\/wp\/v2\/comments?post=46"}],"version-history":[{"count":2,"href":"https:\/\/santorini.e-polyglots.com\/index.php\/wp-json\/wp\/v2\/pages\/46\/revisions"}],"predecessor-version":[{"id":435,"href":"https:\/\/santorini.e-polyglots.com\/index.php\/wp-json\/wp\/v2\/pages\/46\/revisions\/435"}],"wp:attachment":[{"href":"https:\/\/santorini.e-polyglots.com\/index.php\/wp-json\/wp\/v2\/media?parent=46"}],"curies":[{"name":"wp","href":"https:\/\/api.w.org\/{rel}","templated":true}]}}